{"id":7299,"date":"2021-03-08T10:55:48","date_gmt":"2021-03-08T09:55:48","guid":{"rendered":"https:\/\/stage.anemomylos.com\/allgemeine-geschaeftsbedingungen\/"},"modified":"2023-01-21T12:03:12","modified_gmt":"2023-01-21T11:03:12","slug":"general-terms-and-conditions","status":"publish","type":"page","link":"https:\/\/stage.anemomylos.com\/en\/general-terms-and-conditions\/","title":{"rendered":"General terms and conditions"},"content":{"rendered":"<p><div class=\"fusion-fullwidth fullwidth-box fusion-builder-row-1 fusion-flex-container hundred-percent-fullwidth non-hundred-percent-height-scrolling\" style=\"background-color: #ffffff;background-position: center center;background-repeat: no-repeat;border-width: 0px 0px 0px 0px;border-color:#eae9e9;border-style:solid;\" ><div class=\"fusion-builder-row fusion-row fusion-flex-align-items-flex-start\" style=\"width:104% !important;max-width:104% !important;margin-left: calc(-4% \/ 2 );margin-right: calc(-4% \/ 2 );\"><div class=\"fusion-layout-column fusion_builder_column fusion-builder-column-0 fusion_builder_column_1_1 1_1 fusion-flex-column\"><div class=\"fusion-column-wrapper fusion-flex-justify-content-flex-start fusion-content-layout-column\" style=\"background-position:left top;background-repeat:no-repeat;-webkit-background-size:cover;-moz-background-size:cover;-o-background-size:cover;background-size:cover;padding: 0px 0px 0px 0px;\"><div ><span class=\" fusion-imageframe imageframe-none imageframe-1 hover-type-none\"><img decoding=\"async\" width=\"1920\" height=\"500\" title=\"Anemomylos-Impressum\" src=\"https:\/\/stage.anemomylos.com\/wp-content\/uploads\/2021\/02\/Anemomylos-Impressum.jpg\" alt class=\"img-responsive wp-image-5158\" srcset=\"https:\/\/stage.anemomylos.com\/wp-content\/uploads\/2021\/02\/Anemomylos-Impressum-200x52.jpg 200w, https:\/\/stage.anemomylos.com\/wp-content\/uploads\/2021\/02\/Anemomylos-Impressum-400x104.jpg 400w, https:\/\/stage.anemomylos.com\/wp-content\/uploads\/2021\/02\/Anemomylos-Impressum-600x156.jpg 600w, https:\/\/stage.anemomylos.com\/wp-content\/uploads\/2021\/02\/Anemomylos-Impressum-800x208.jpg 800w, https:\/\/stage.anemomylos.com\/wp-content\/uploads\/2021\/02\/Anemomylos-Impressum-1200x313.jpg 1200w, https:\/\/stage.anemomylos.com\/wp-content\/uploads\/2021\/02\/Anemomylos-Impressum.jpg 1920w\" sizes=\"(max-width: 1024px) 100vw, (max-width: 640px) 100vw, 1200px\" \/><\/span><\/div><\/div><style type=\"text\/css\">.fusion-body .fusion-builder-column-0{width:100% !important;margin-top : 0px;margin-bottom : 20px;}.fusion-builder-column-0 > .fusion-column-wrapper {padding-top : 0px !important;padding-right : 0px !important;margin-right : 1.92%;padding-bottom : 0px !important;padding-left : 0px !important;margin-left : 1.92%;}@media only screen and (max-width:1024px) {.fusion-body .fusion-builder-column-0{width:100% !important;order : 0;}.fusion-builder-column-0 > .fusion-column-wrapper {margin-right : 1.92%;margin-left : 1.92%;}}@media only screen and (max-width:640px) {.fusion-body .fusion-builder-column-0{width:100% !important;order : 0;}.fusion-builder-column-0 > .fusion-column-wrapper {margin-right : 1.92%;margin-left : 1.92%;}}<\/style><\/div><\/div><style type=\"text\/css\">.fusion-body .fusion-flex-container.fusion-builder-row-1{ padding-top : 0px;margin-top : 0px;padding-right : 0px;padding-bottom : 0px;margin-bottom : 0px;padding-left : 0px;}<\/style><\/div><div class=\"fusion-fullwidth fullwidth-box fusion-builder-row-2 fusion-flex-container nonhundred-percent-fullwidth non-hundred-percent-height-scrolling\" style=\"background-color: #ffffff;background-position: center center;background-repeat: no-repeat;border-width: 0px 0px 0px 0px;border-color:#eae9e9;border-style:solid;\" ><div class=\"fusion-builder-row fusion-row fusion-flex-align-items-flex-start\" style=\"max-width:1248px;margin-left: calc(-4% \/ 2 );margin-right: calc(-4% \/ 2 );\"><div class=\"fusion-layout-column fusion_builder_column fusion-builder-column-1 fusion_builder_column_1_6 1_6 fusion-flex-column\"><div class=\"fusion-column-wrapper fusion-flex-justify-content-flex-start fusion-content-layout-column\" style=\"background-position:left top;background-repeat:no-repeat;-webkit-background-size:cover;-moz-background-size:cover;-o-background-size:cover;background-size:cover;padding: 0px 0px 0px 0px;\"><\/div><style type=\"text\/css\">.fusion-body .fusion-builder-column-1{width:16.6666666667% !important;margin-top : 0px;margin-bottom : 20px;}.fusion-builder-column-1 > .fusion-column-wrapper {padding-top : 0px !important;padding-right : 0px !important;margin-right : 11.52%;padding-bottom : 0px !important;padding-left : 0px !important;margin-left : 11.52%;}@media only screen and (max-width:1024px) {.fusion-body .fusion-builder-column-1{width:100% !important;order : 0;}.fusion-builder-column-1 > .fusion-column-wrapper {margin-right : 1.92%;margin-left : 1.92%;}}@media only screen and (max-width:640px) {.fusion-body .fusion-builder-column-1{width:100% !important;order : 0;}.fusion-builder-column-1 > .fusion-column-wrapper {margin-right : 1.92%;margin-left : 1.92%;}}<\/style><\/div><div class=\"fusion-layout-column fusion_builder_column fusion-builder-column-2 fusion_builder_column_2_3 2_3 fusion-flex-column\"><div class=\"fusion-column-wrapper fusion-flex-justify-content-flex-start fusion-content-layout-column\" style=\"background-position:left top;background-blend-mode: overlay;background-repeat:no-repeat;-webkit-background-size:cover;-moz-background-size:cover;-o-background-size:cover;background-size:cover;padding: 0px 0px 0px 0px;\"><style type=\"text\/css\">@media only screen and (max-width:1024px) {.fusion-title.fusion-title-1{margin-top:!important;margin-right:!important;margin-bottom:0px!important; margin-left:!important;}}@media only screen and (max-width:640px) {.fusion-title.fusion-title-1{margin-top:0px!important; margin-right:0px!important;margin-bottom:0px!important; margin-left:0px!important;}}<\/style><div class=\"fusion-title title fusion-title-1 fusion-title-center fusion-title-text fusion-title-size-one\" style=\"font-size:13px;margin-top:0px;margin-right:0px;margin-bottom:0px;margin-left:0px;\"><div class=\"title-sep-container title-sep-container-left\"><div class=\"title-sep sep-\" style=\"border-color:#e0dede;\"><\/div><\/div><span class=\"awb-title-spacer\"><\/span><h1 class=\"title-heading-center fusion-responsive-typography-calculated\" style=\"font-family:&quot;Questrial&quot;;font-weight:400;margin:0;font-size:1em;letter-spacing:4px;--fontSize:13;--minFontSize:13px;line-height:1.11;\">ALLGEMEINE GESCH\u00c4FTSBEDINGUNGEN<\/h1><span class=\"awb-title-spacer\"><\/span><div class=\"title-sep-container title-sep-container-right\"><div class=\"title-sep sep-\" style=\"border-color:#e0dede;\"><\/div><\/div><\/div><\/div><style type=\"text\/css\">.fusion-body .fusion-builder-column-2{width:66.6666666667% !important;margin-top : 0px;margin-bottom : 0px;}.fusion-builder-column-2 > .fusion-column-wrapper {padding-top : 0px !important;padding-right : 0px !important;margin-right : 2.88%;padding-bottom : 0px !important;padding-left : 0px !important;margin-left : 2.88%;}@media only screen and (max-width:1024px) {.fusion-body .fusion-builder-column-2{width:100% !important;}.fusion-builder-column-2 > .fusion-column-wrapper {margin-right : 1.92%;margin-left : 1.92%;}}@media only screen and (max-width:640px) {.fusion-body .fusion-builder-column-2{width:100% !important;}.fusion-builder-column-2 > .fusion-column-wrapper {margin-right : 1.92%;margin-left : 1.92%;}}<\/style><\/div><div class=\"fusion-layout-column fusion_builder_column fusion-builder-column-3 fusion_builder_column_1_6 1_6 fusion-flex-column\"><div class=\"fusion-column-wrapper fusion-flex-justify-content-flex-start fusion-content-layout-column\" style=\"background-position:left top;background-repeat:no-repeat;-webkit-background-size:cover;-moz-background-size:cover;-o-background-size:cover;background-size:cover;padding: 0px 0px 0px 0px;\"><\/div><style type=\"text\/css\">.fusion-body .fusion-builder-column-3{width:16.6666666667% !important;margin-top : 0px;margin-bottom : 20px;}.fusion-builder-column-3 > .fusion-column-wrapper {padding-top : 0px !important;padding-right : 0px !important;margin-right : 11.52%;padding-bottom : 0px !important;padding-left : 0px !important;margin-left : 11.52%;}@media only screen and (max-width:1024px) {.fusion-body .fusion-builder-column-3{width:100% !important;order : 0;}.fusion-builder-column-3 > .fusion-column-wrapper {margin-right : 1.92%;margin-left : 1.92%;}}@media only screen and (max-width:640px) {.fusion-body .fusion-builder-column-3{width:100% !important;order : 0;}.fusion-builder-column-3 > .fusion-column-wrapper {margin-right : 1.92%;margin-left : 1.92%;}}<\/style><\/div><div class=\"fusion-layout-column fusion_builder_column fusion-builder-column-4 fusion_builder_column_1_6 1_6 fusion-flex-column\"><div class=\"fusion-column-wrapper fusion-flex-justify-content-flex-start fusion-content-layout-column\" style=\"background-position:left top;background-repeat:no-repeat;-webkit-background-size:cover;-moz-background-size:cover;-o-background-size:cover;background-size:cover;padding: 0px 0px 0px 0px;\"><\/div><style type=\"text\/css\">.fusion-body .fusion-builder-column-4{width:16.6666666667% !important;margin-top : 0px;margin-bottom : 20px;}.fusion-builder-column-4 > .fusion-column-wrapper {padding-top : 0px !important;padding-right : 0px !important;margin-right : 11.52%;padding-bottom : 0px !important;padding-left : 0px !important;margin-left : 11.52%;}@media only screen and (max-width:1024px) {.fusion-body .fusion-builder-column-4{width:100% !important;order : 0;}.fusion-builder-column-4 > .fusion-column-wrapper {margin-right : 1.92%;margin-left : 1.92%;}}@media only screen and (max-width:640px) {.fusion-body .fusion-builder-column-4{width:100% !important;order : 0;}.fusion-builder-column-4 > .fusion-column-wrapper {margin-right : 1.92%;margin-left : 1.92%;}}<\/style><\/div><div class=\"fusion-layout-column fusion_builder_column fusion-builder-column-5 fusion_builder_column_2_3 2_3 fusion-flex-column\"><div class=\"fusion-column-wrapper fusion-flex-justify-content-flex-start fusion-content-layout-column\" style=\"background-position:left top;background-blend-mode: overlay;background-repeat:no-repeat;-webkit-background-size:cover;-moz-background-size:cover;-o-background-size:cover;background-size:cover;padding: 0px 0px 0px 0px;\"><div class=\"fusion-text fusion-text-1\"><ol>\n<li>Der Gastaufnahmevertrag ist abgeschlossen, sobald das Zimmer bestellt (Buchung) und zugesagt (Best\u00e4tigung) worden ist. F\u00fcr die Best\u00e4tigung ist sowohl die m\u00fcndliche als auch die schriftliche Form bindend.<\/li>\n<li>Der Abschluss des Gastaufnahmevertrags verpflichtet die Vertragspartner zur Erf\u00fcllung des Vertrages, gleichg\u00fcltig, auf welche Dauer der Vertrag abgeschlossen ist.<\/li>\n<li>Der Gastgeber ist verpflichtet, bei Nichtbereitstellung des Zimmers dem Gast Schadenersatz zu leisten.<\/li>\n<li>Die Stornierung einer Buchung bedarf immer der Schriftform und kann nicht nur telefonisch get\u00e4tigt werden.<\/li>\n<li>F\u00fcr gebuchte Leistungen bzw. durch den Gastaufnahmevertrag angemietete Ferienwohnung ist das vereinbarte Entgelt auch dann zu zahlen, wenn die Buchung vom Gast storniert wird oder der Gast nicht erscheint.<\/li>\n<li>Stornofristen:<br \/>\n<b>&#8220;STANDART RATE&#8221;<\/b> Eine Stornierung des Aufenthaltes bis 5 Tage vor Anreise ist bei der &#8220;Standard Rate&#8221; kostenlos danach ist der volle Preis f\u00e4llig. Eine Anzahlung (aktuell 30%) wird in der Stornierungsfrist wieder Gutgeschrieben.<br \/>\n<b>&#8220;NICHT STORNIERBARE RATE&#8221;<\/b> Eine Stornierung ist hier nicht m\u00f6glich und kostet immer den vollen Preis. Allerdings hat der Buchungsgast die M\u00f6glichkeit seine Reise ohne Aufpreis 1mal in die Zukunft zu verlegen. Jedoch maximal bis zu 24 Monate ab urspr\u00fcnglichen Reisetermin. Die Anzahlung betr\u00e4gt hier 60% des Gesamtpreises.<\/li>\n<li>Damit Sie aktuell ohne Risiko buchen k\u00f6nnen, haben wir unsere Stornobedingungen \u00fcber die Dauer der COVID 19 Pandemie angepasst: BEI CORONA-BEDINGTER ABSAGE (z.B. erneute Reisebeschr\u00e4nkung, erneuter Lock down, Corona-Erkrankung) ist eine kostenfreie Stornierung Ihrer Buchung egal welche Rate zu jeder Zeit m\u00f6glich. Ein Nachweis muss erbracht werden.<\/li>\n<li>Der Gastgeber ist nach Treu und Glauben gehalten, nicht in Anspruch genommene Zimmer nach M\u00f6glichkeit anderweitig zu vergeben, um Ausf\u00e4lle zu vermeiden.<\/li>\n<li>Nur Bis zur anderweitigen Vermietung des Zimmers hat der Gast f\u00fcr die Dauer des Vertrages den nach Ziffer 6 errechneten Betrag zu bezahlen.<\/li>\n<li>Reservierte Zimmer stehen dem Gast am Anreisetag ab 16:00 Uhr (soweit verf\u00fcgbar auch eventuell fr\u00fcher) und am Abreisetag bis 11:00 Uhr zur Verf\u00fcgung. Bei Anreise zwischen 20:00 Uhr und 7:00 Uhr bitten wir um Ihren Anruf.<\/li>\n<li>Wir empfehlen Ihnen den Abschluss einer Reiser\u00fccktrittsversicherung damit Sie bei Stornierung oder Abbruch Ihres Urlaubs aufgrund von Erkrankung oder Unfall m\u00f6gliche finanzielle Verluste ersetzt bekommen.<\/li>\n<li>Park Haftung: Die Nutzung des Parkplatzes ist auf eigenes Risiko. Es besteht keine \u00dcberwachungspflicht des Betreibers.<\/li>\n<li>Die Benutzung der Au\u00dfenanlagen wie BBQ, Pool, usw. erfolgen auf eigene Gefahr. Kindern unter 12 Jahren ist der Zugang zur Poollandschaft nicht ohne Begleitung eines Erwachsenen gestattet. Eltern haften f\u00fcr Ihre Kinder.<\/li>\n<li>Zur\u00fcckgebliebene Sachen des Kunden werden nur auf Anfrage, Risiko und Kosten des Kunden nachgesandt.<\/li>\n<li>Haustiere sind nicht erlaubt<\/li>\n<li>Besch\u00e4digung von Inventar. Die Wohnung einschlie\u00dflich der M\u00f6bel und der sonstigen in ihm befindlichen Gegenst\u00e4nde sind schonend zu behandeln. Der Buchungsgast hat die ihn begleitenden und\/oder besuchenden Personen zur Sorgsamkeit anzuhalten. Der Buchungsgast haftet und hat den entstandenen Schaden, f\u00fcr mutwillige Besch\u00e4digungen des Mietobjekts, des Mobiliars oder sonstiger Gegenst\u00e4nde im Mietobjekt durch ihn selbst oder ihn begleitende Personen, zu ersetzen.<\/li>\n<li>Rauchen im Zimmer oder in Nichtraucherzonen. Auch das Rauchen im Zimmer ist nichts anderes als eine Besch\u00e4digung des Inventars. Bei Versto\u00df ist eine spezielle Komplett- Reinigung n\u00f6tig, die Kosten daf\u00fcr k\u00f6nnen bis zu 200\u20ac betragen und werden dem Gast in Rechnung gestellt.<\/li>\n<li>Verlust von Zimmerschl\u00fcsseln. Pflicht eines jeden Gastes ist es, den \u00fcbergebenen Wohnungsschl\u00fcssel vor der Abreise wieder zur\u00fcckzugeben. Kommt der Gast dem nicht nach oder verliert er den Schl\u00fcssel, so haftet er f\u00fcr den entstandenen Schaden, etwa f\u00fcr den Austausch der Schl\u00f6sser oder wenn n\u00f6tig der Schlie\u00dfanlage.<\/li>\n<li>Wir akzeptieren diese Karten: Visa, Master, American Express und behalten uns das Recht vor, 500 EURO vor Ihrer Ankunft vor\u00fcbergehend bis zur ordentlichen \u00dcbergabe ihrer angemieteten Ferienwohnung als Kaution f\u00fcr Verm\u00f6genssch\u00e4den zu blockieren.<\/li>\n<li>Unsere Preise sind Endpreise, inklusive der gesetzlichen MwSt.<\/li>\n<li>Salvatorische Klausel. F\u00fcr den Fall, dass ein Teil dieser AGB\u00b4s oder eine Klausel dieser AGB\u00b4s unwirksam ist, so soll die Wirksamkeit der \u00fcbrigen Bestimmungen hiervon nicht ber\u00fchrt werden. Dies gilt auch, wenn innerhalb einer Regelung ein Teil unwirksam ist, ein anderer Teil aber wirksam. Die jeweils unwirksame Bestimmung soll zwischen den Parteien durch eine Regelung ersetzt werden, die den wirtschaftlichen Interessen der Vertragsparteien am n\u00e4chsten kommt und im \u00dcbrigen den vertraglichen Vereinbarungen nicht zu wieder l\u00e4uft.<\/li>\n<\/ol>\n<\/div><\/div><style type=\"text\/css\">.fusion-body .fusion-builder-column-5{width:66.6666666667% !important;margin-top : 0px;margin-bottom : 0px;}.fusion-builder-column-5 > .fusion-column-wrapper {padding-top : 0px !important;padding-right : 0px !important;margin-right : 2.88%;padding-bottom : 0px !important;padding-left : 0px !important;margin-left : 2.88%;}@media only screen and (max-width:1024px) {.fusion-body .fusion-builder-column-5{width:100% !important;}.fusion-builder-column-5 > .fusion-column-wrapper {margin-right : 1.92%;margin-left : 1.92%;}}@media only screen and (max-width:640px) {.fusion-body .fusion-builder-column-5{width:100% !important;}.fusion-builder-column-5 > .fusion-column-wrapper {margin-right : 1.92%;margin-left : 1.92%;}}<\/style><\/div><div class=\"fusion-layout-column fusion_builder_column fusion-builder-column-6 fusion_builder_column_1_6 1_6 fusion-flex-column\"><div class=\"fusion-column-wrapper fusion-flex-justify-content-flex-start fusion-content-layout-column\" style=\"background-position:left top;background-repeat:no-repeat;-webkit-background-size:cover;-moz-background-size:cover;-o-background-size:cover;background-size:cover;padding: 0px 0px 0px 0px;\"><\/div><style type=\"text\/css\">.fusion-body .fusion-builder-column-6{width:16.6666666667% !important;margin-top : 0px;margin-bottom : 20px;}.fusion-builder-column-6 > .fusion-column-wrapper {padding-top : 0px !important;padding-right : 0px !important;margin-right : 11.52%;padding-bottom : 0px !important;padding-left : 0px !important;margin-left : 11.52%;}@media only screen and (max-width:1024px) {.fusion-body .fusion-builder-column-6{width:100% !important;order : 0;}.fusion-builder-column-6 > .fusion-column-wrapper {margin-right : 1.92%;margin-left : 1.92%;}}@media only screen and (max-width:640px) {.fusion-body .fusion-builder-column-6{width:100% !important;order : 0;}.fusion-builder-column-6 > .fusion-column-wrapper {margin-right : 1.92%;margin-left : 1.92%;}}<\/style><\/div><\/div><style type=\"text\/css\">.fusion-body .fusion-flex-container.fusion-builder-row-2{ padding-top : 0px;margin-top : 50px;padding-right : 0px;padding-bottom : 0px;margin-bottom : 50px;padding-left : 0px;}<\/style><\/div><\/p>\n","protected":false},"excerpt":{"rendered":"","protected":false},"author":1,"featured_media":0,"parent":0,"menu_order":70,"comment_status":"closed","ping_status":"closed","template":"100-width.php","meta":{"footnotes":"","_links_to":"","_links_to_target":""},"class_list":["post-7299","page","type-page","status-publish","hentry"],"yoast_head":"<!-- This site is optimized with the Yoast SEO plugin v27.4 - https:\/\/yoast.com\/product\/yoast-seo-wordpress\/ -->\n<title>General terms and conditions - ANEMOMYLOS Lefkimmi<\/title>\n<meta name=\"robots\" content=\"noindex, follow, max-snippet:-1, max-image-preview:large, max-video-preview:-1\" \/>\n<meta property=\"og:locale\" content=\"en_US\" \/>\n<meta property=\"og:type\" content=\"article\" \/>\n<meta property=\"og:title\" content=\"General terms and conditions - ANEMOMYLOS Lefkimmi\" \/>\n<meta property=\"og:url\" content=\"https:\/\/stage.anemomylos.com\/en\/general-terms-and-conditions\/\" \/>\n<meta property=\"og:site_name\" content=\"ANEMOMYLOS Lefkimmi\" \/>\n<meta property=\"article:modified_time\" content=\"2023-01-21T11:03:12+00:00\" \/>\n<meta name=\"twitter:card\" content=\"summary_large_image\" \/>\n<meta name=\"twitter:label1\" content=\"Est. reading time\" \/>\n\t<meta name=\"twitter:data1\" content=\"7 minutes\" \/>\n<script type=\"application\/ld+json\" class=\"yoast-schema-graph\">{\"@context\":\"https:\\\/\\\/schema.org\",\"@graph\":[{\"@type\":\"WebPage\",\"@id\":\"https:\\\/\\\/stage.anemomylos.com\\\/en\\\/general-terms-and-conditions\\\/\",\"url\":\"https:\\\/\\\/stage.anemomylos.com\\\/en\\\/general-terms-and-conditions\\\/\",\"name\":\"General terms and conditions - ANEMOMYLOS Lefkimmi\",\"isPartOf\":{\"@id\":\"https:\\\/\\\/stage.anemomylos.com\\\/en\\\/#website\"},\"datePublished\":\"2021-03-08T09:55:48+00:00\",\"dateModified\":\"2023-01-21T11:03:12+00:00\",\"breadcrumb\":{\"@id\":\"https:\\\/\\\/stage.anemomylos.com\\\/en\\\/general-terms-and-conditions\\\/#breadcrumb\"},\"inLanguage\":\"en-US\",\"potentialAction\":[{\"@type\":\"ReadAction\",\"target\":[\"https:\\\/\\\/stage.anemomylos.com\\\/en\\\/general-terms-and-conditions\\\/\"]}]},{\"@type\":\"BreadcrumbList\",\"@id\":\"https:\\\/\\\/stage.anemomylos.com\\\/en\\\/general-terms-and-conditions\\\/#breadcrumb\",\"itemListElement\":[{\"@type\":\"ListItem\",\"position\":1,\"name\":\"Startseite\",\"item\":\"https:\\\/\\\/stage.anemomylos.com\\\/en\\\/\"},{\"@type\":\"ListItem\",\"position\":2,\"name\":\"General terms and conditions\"}]},{\"@type\":\"WebSite\",\"@id\":\"https:\\\/\\\/stage.anemomylos.com\\\/en\\\/#website\",\"url\":\"https:\\\/\\\/stage.anemomylos.com\\\/en\\\/\",\"name\":\"ANEMOMYLOS Lefkimmi\",\"description\":\"LUXUS SUITES - BOUTIQUE HOTEL &amp; POOL\",\"potentialAction\":[{\"@type\":\"SearchAction\",\"target\":{\"@type\":\"EntryPoint\",\"urlTemplate\":\"https:\\\/\\\/stage.anemomylos.com\\\/en\\\/?s={search_term_string}\"},\"query-input\":{\"@type\":\"PropertyValueSpecification\",\"valueRequired\":true,\"valueName\":\"search_term_string\"}}],\"inLanguage\":\"en-US\"}]}<\/script>\n<!-- \/ Yoast SEO plugin. -->","yoast_head_json":{"title":"General terms and conditions - ANEMOMYLOS Lefkimmi","robots":{"index":"noindex","follow":"follow","max-snippet":"max-snippet:-1","max-image-preview":"max-image-preview:large","max-video-preview":"max-video-preview:-1"},"og_locale":"en_US","og_type":"article","og_title":"General terms and conditions - ANEMOMYLOS Lefkimmi","og_url":"https:\/\/stage.anemomylos.com\/en\/general-terms-and-conditions\/","og_site_name":"ANEMOMYLOS Lefkimmi","article_modified_time":"2023-01-21T11:03:12+00:00","twitter_card":"summary_large_image","twitter_misc":{"Est. reading time":"7 minutes"},"schema":{"@context":"https:\/\/schema.org","@graph":[{"@type":"WebPage","@id":"https:\/\/stage.anemomylos.com\/en\/general-terms-and-conditions\/","url":"https:\/\/stage.anemomylos.com\/en\/general-terms-and-conditions\/","name":"General terms and conditions - ANEMOMYLOS Lefkimmi","isPartOf":{"@id":"https:\/\/stage.anemomylos.com\/en\/#website"},"datePublished":"2021-03-08T09:55:48+00:00","dateModified":"2023-01-21T11:03:12+00:00","breadcrumb":{"@id":"https:\/\/stage.anemomylos.com\/en\/general-terms-and-conditions\/#breadcrumb"},"inLanguage":"en-US","potentialAction":[{"@type":"ReadAction","target":["https:\/\/stage.anemomylos.com\/en\/general-terms-and-conditions\/"]}]},{"@type":"BreadcrumbList","@id":"https:\/\/stage.anemomylos.com\/en\/general-terms-and-conditions\/#breadcrumb","itemListElement":[{"@type":"ListItem","position":1,"name":"Startseite","item":"https:\/\/stage.anemomylos.com\/en\/"},{"@type":"ListItem","position":2,"name":"General terms and conditions"}]},{"@type":"WebSite","@id":"https:\/\/stage.anemomylos.com\/en\/#website","url":"https:\/\/stage.anemomylos.com\/en\/","name":"ANEMOMYLOS Lefkimmi","description":"LUXUS SUITES - BOUTIQUE HOTEL &amp; POOL","potentialAction":[{"@type":"SearchAction","target":{"@type":"EntryPoint","urlTemplate":"https:\/\/stage.anemomylos.com\/en\/?s={search_term_string}"},"query-input":{"@type":"PropertyValueSpecification","valueRequired":true,"valueName":"search_term_string"}}],"inLanguage":"en-US"}]}},"_links":{"self":[{"href":"https:\/\/stage.anemomylos.com\/en\/wp-json\/wp\/v2\/pages\/7299","targetHints":{"allow":["GET"]}}],"collection":[{"href":"https:\/\/stage.anemomylos.com\/en\/wp-json\/wp\/v2\/pages"}],"about":[{"href":"https:\/\/stage.anemomylos.com\/en\/wp-json\/wp\/v2\/types\/page"}],"author":[{"embeddable":true,"href":"https:\/\/stage.anemomylos.com\/en\/wp-json\/wp\/v2\/users\/1"}],"replies":[{"embeddable":true,"href":"https:\/\/stage.anemomylos.com\/en\/wp-json\/wp\/v2\/comments?post=7299"}],"version-history":[{"count":2,"href":"https:\/\/stage.anemomylos.com\/en\/wp-json\/wp\/v2\/pages\/7299\/revisions"}],"predecessor-version":[{"id":7309,"href":"https:\/\/stage.anemomylos.com\/en\/wp-json\/wp\/v2\/pages\/7299\/revisions\/7309"}],"wp:attachment":[{"href":"https:\/\/stage.anemomylos.com\/en\/wp-json\/wp\/v2\/media?parent=7299"}],"curies":[{"name":"wp","href":"https:\/\/api.w.org\/{rel}","templated":true}]}}